{"id":114,"date":"2009-05-17T20:32:22","date_gmt":"2009-05-17T18:32:22","guid":{"rendered":"http:\/\/bergsturz.net\/?page_id=114"},"modified":"2009-05-17T20:32:22","modified_gmt":"2009-05-17T18:32:22","slug":"scheiss-teure-gegend","status":"publish","type":"page","link":"https:\/\/bergsturz.net\/?page_id=114","title":{"rendered":"Verdammt teure Gegend"},"content":{"rendered":"<p>Verdammt teure Gegend hier. Na ja, M\u00fcnchner Vorland. Nur weil hier ne S-Bahn f\u00e4hrt. \u201eWir putzen auch w\u00e4hrend der Fahrt.&#8220; Den Dreck von den Kiddies, die ihre Schuhe auf die Sitze knallen, macht ihr offensichtlich nicht weg.<\/p>\n<p>Ich wei\u00df gar nicht, was die Leute an dieser Stadt finden. Architektonisch 0\/8-15. Und au\u00dferhalb des Rings stilistische Minderbemittelheit. Schon mal von Osten die Autobahn reingefahren? Oder die Schlei\u00dfheimer oder Lerchenauer Stra\u00dfe nach Norden raus? Das ist der Charme der Industriebrache und optischer Einfallslosigkeit. Eine Vergewaltigung derjenigen, die hier leben m\u00fcssen. Der Mann aus Gr\u00fcnwald ist ja nur kurz hier, wenn er mit seiner Karosse f\u00fcr eine Dreiviertelstunde am Leierkasten vorf\u00e4hrt.<\/p>\n<p>M\u00fcnchen. Kann sich kein normaler Mensch mehr leisten. Zu teuer, zu versnobt, zu viele schicke Leute mit tiefergelegtem BMW, Gelfrisur und Handy.<\/p>\n<p>Wie macht das eigentlich die Ausl\u00e4nderin? Hat wahrscheinlich nen Siemens-Ingenieur geheiratet. Macht daf\u00fcr einmal pro Woche die Beine breit. Na ja, ist wahrscheinlich ein besseres Leben als \u00f6stlich des Ural mit der Wodkaflasche bei minus 35 Grad in der Pampa zu hocken.<\/p>\n","protected":false},"excerpt":{"rendered":"<p>Verdammt teure Gegend hier. Na ja, M\u00fcnchner Vorland. Nur weil hier ne S-Bahn f\u00e4hrt. \u201eWir putzen auch w\u00e4hrend der Fahrt.&#8220; Den Dreck von den Kiddies, die ihre Schuhe auf die Sitze knallen, macht ihr offensichtlich nicht weg. Ich wei\u00df gar &hellip; <a href=\"https:\/\/bergsturz.net\/?page_id=114\">Weiterlesen <span class=\"meta-nav\">&rarr;<\/span><\/a><\/p>\n","protected":false},"author":1,"featured_media":0,"parent":34,"menu_order":0,"comment_status":"open","ping_status":"open","template":"","meta":[],"_links":{"self":[{"href":"https:\/\/bergsturz.net\/index.php?rest_route=\/wp\/v2\/pages\/114"}],"collection":[{"href":"https:\/\/bergsturz.net\/index.php?rest_route=\/wp\/v2\/pages"}],"about":[{"href":"https:\/\/bergsturz.net\/index.php?rest_route=\/wp\/v2\/types\/page"}],"author":[{"embeddable":true,"href":"https:\/\/bergsturz.net\/index.php?rest_route=\/wp\/v2\/users\/1"}],"replies":[{"embeddable":true,"href":"https:\/\/bergsturz.net\/index.php?rest_route=%2Fwp%2Fv2%2Fcomments&post=114"}],"version-history":[{"count":0,"href":"https:\/\/bergsturz.net\/index.php?rest_route=\/wp\/v2\/pages\/114\/revisions"}],"up":[{"embeddable":true,"href":"https:\/\/bergsturz.net\/index.php?rest_route=\/wp\/v2\/pages\/34"}],"wp:attachment":[{"href":"https:\/\/bergsturz.net\/index.php?rest_route=%2Fwp%2Fv2%2Fmedia&parent=114"}],"curies":[{"name":"wp","href":"https:\/\/api.w.org\/{rel}","templated":true}]}}