{"id":35,"date":"2009-02-21T23:42:33","date_gmt":"2009-02-21T21:42:33","guid":{"rendered":"http:\/\/bergsturz.net\/?page_id=35"},"modified":"2009-02-21T23:42:33","modified_gmt":"2009-02-21T21:42:33","slug":"turn-around-nach-unten","status":"publish","type":"page","link":"https:\/\/bergsturz.net\/?page_id=35","title":{"rendered":"Turn around nach unten"},"content":{"rendered":"<p class=\"MsoNormal\">\n<p class=\"MsoNormal\">Ich wei\u00df auch nicht , was mit mir los ist. Bin \u00fcberhaupt nicht ausgeglichen. Schon am fr\u00fchen Vormittag diese Nervosit\u00e4t. Muss an der B\u00f6rse liegen. Der Dow gestern abend mal wieder schwer im Minus. 133 Punkte Punkte. Das wird ja wieder ein toller Tag heute in Frankfurt.<\/p>\n<p class=\"MsoNormal\"><strong>Und ich Idiot dachte,<\/strong> der Aufschwung kommt. Reden doch alle davon. Sagen, er sei eigentlich schon da. Ja, wo ist er denn? Der BASF-Chef sp\u00fcrt ihn angeblich schon. Aber warum gehen die Kurse dann runter? Seit Wochen, Monaten, seit zweieinhalb Jahren geht\u00b4s nur bergab. Deutsche Telekom, Deutsche Post, Infineon, meine Herren, wof\u00fcr kriegt ihr eigentlich Eure Vorstandsgeh\u00e4lter?<\/p>\n<p class=\"MsoNormal\">Und dann diese ganzen Anlegerbl\u00e4tter. \u201eOptionsschein auf die Post kaufen\u201c. Hab ich gemacht. Und alles verloren. Optionsschein auf SAP. Ein Wert, der immer steigt. Hab ich gemacht. Das Ding ist noch drei Euro wert und l\u00e4uft n\u00e4chsten Monat aus. Moksel hab ich auch. Fleisch, Grundnahrungsmittel, ein Warren-Buffet-Wert, von dem man was versteht. Hab ich mir vor drei Jahren ins Depot gelegt, weil B\u00f6rse Online geschrieben hat, das sei ne gute Sache. <span lang=\"EN-GB\">Turn-around-Fantasie. <\/span> M\u00f6chte mal den Redakteur in die Finger kriegen. Turn around nach unten. F\u00fcr 10 Euro gekauft, jetzt krebsen die bei 3,20 Euro rum.<\/p>\n<p class=\"MsoNormal\"><strong>Adidas, auch so ein klasse Wert:<\/strong> Bei 150 Euro rein, und dann nix wie runter auf 40. Steht jetzt bei 25. Das ist vielleicht ne Rendite. 150 schaffen die nicht mehr, das kannste vergessen, daran wird auch die WM nichts \u00e4ndern. Das Geld ist futsch. H\u00e4tt ich auch ins Feuer schmei\u00dfen k\u00f6nnen. Das Management kann\u00b4s einfach nicht.<\/p>\n<p class=\"MsoNormal\">Ich werd Herrn Adidas nen Brief schreiben. Mich bedanken \u00fcber die hervorragende Performance. Oder sollte ich mir ein Paar Adidas-Schuhe kaufen? Das w\u00fcrde wenigstens den Umsatz anheizen.<\/p>\n<p class=\"MsoNormal\"><strong>Nee, da steck ich keinen Euro mehr rein.<\/strong> Branchen und Regionen w\u00fcrden\u00b4s bringen, schreiben die Anlegerbl\u00e4tter. Internet, Biotechnologie, Windkraft, Asien. Hab ich alles gemacht. Bringt\u00b4s \u00fcberhaupt nicht. Windige Versprechungen: \u201eJetzt reich werden\u201c; \u201eWas Sie jetzt wirklich kaufen m\u00fcssen\u201c; \u201eDie besten Biotechwerte\u201c. Bringt doch erst mal Euer eigenes Musterdepot auf Vordermann, ehe Ihr Tipps gebt. Macht doch erst mal Gewinn.<\/p>\n<p class=\"MsoNormal\">Ich habe keine Lust mehr. Werde die Finger von dem Zeug lassen. Alles verkaufen. Gar nicht mehr hingucken. Sparbriefe kaufen, langweiliges Zeug mit Minirendite. Vielleicht noch die ein oder andere Anleihe. Argentinien-Papiere, die sind zur Zeit billig.<\/p>\n<p class=\"MsoNormal\">Copyright: Bergsturz<\/p>\n","protected":false},"excerpt":{"rendered":"<p>Ich wei\u00df auch nicht , was mit mir los ist. Bin \u00fcberhaupt nicht ausgeglichen. Schon am fr\u00fchen Vormittag diese Nervosit\u00e4t. Muss an der B\u00f6rse liegen. Der Dow gestern abend mal wieder schwer im Minus. 133 Punkte Punkte. Das wird ja &hellip; <a href=\"https:\/\/bergsturz.net\/?page_id=35\">Weiterlesen <span class=\"meta-nav\">&rarr;<\/span><\/a><\/p>\n","protected":false},"author":1,"featured_media":0,"parent":34,"menu_order":0,"comment_status":"open","ping_status":"open","template":"","meta":[],"_links":{"self":[{"href":"https:\/\/bergsturz.net\/index.php?rest_route=\/wp\/v2\/pages\/35"}],"collection":[{"href":"https:\/\/bergsturz.net\/index.php?rest_route=\/wp\/v2\/pages"}],"about":[{"href":"https:\/\/bergsturz.net\/index.php?rest_route=\/wp\/v2\/types\/page"}],"author":[{"embeddable":true,"href":"https:\/\/bergsturz.net\/index.php?rest_route=\/wp\/v2\/users\/1"}],"replies":[{"embeddable":true,"href":"https:\/\/bergsturz.net\/index.php?rest_route=%2Fwp%2Fv2%2Fcomments&post=35"}],"version-history":[{"count":0,"href":"https:\/\/bergsturz.net\/index.php?rest_route=\/wp\/v2\/pages\/35\/revisions"}],"up":[{"embeddable":true,"href":"https:\/\/bergsturz.net\/index.php?rest_route=\/wp\/v2\/pages\/34"}],"wp:attachment":[{"href":"https:\/\/bergsturz.net\/index.php?rest_route=%2Fwp%2Fv2%2Fmedia&parent=35"}],"curies":[{"name":"wp","href":"https:\/\/api.w.org\/{rel}","templated":true}]}}