{"id":36,"date":"2009-02-21T23:52:38","date_gmt":"2009-02-21T21:52:38","guid":{"rendered":"http:\/\/bergsturz.net\/?page_id=36"},"modified":"2009-02-21T23:52:38","modified_gmt":"2009-02-21T21:52:38","slug":"miesbach","status":"publish","type":"page","link":"https:\/\/bergsturz.net\/?page_id=36","title":{"rendered":"Miesbach"},"content":{"rendered":"<p><strong>Du kommst im Wald vom Weg ab<\/strong>. Ein Miesbacher J\u00e4ger br\u00fcllt dich an: &#8222;Was mochst\u00b4n du hia? Hau ob! Des is vabotn! I zeig di o!&#8220;<\/p>\n<p><strong>Du steigst mit Deinen Skiern <\/strong>einen tief verschneiten Hang hoch. Oben geht der Hang in Wald \u00fcber. Pl\u00f6tzlich eine Lichtung. Darauf ein Haus. Du schiebst die Skier durch den Schnee am Haus vorbei. Eine Miesbacherin br\u00fcllt dich an: &#8222;Wo kemma sie jetzat pl\u00f6tzlich hea? So a Unversch\u00e4mtheit. Durch meinen Garten. Machn\u00b4s eahna davo!&#8220;<\/p>\n<p>Die Frau l\u00e4uft hinter dir her. Sie z\u00fcckt eine Kamera, fotografiert dich. Sie br\u00fcllt Dich an, dass sie das Bild in die Zeitung brngen werde.<\/p>\n<p><!--[if gte mso 9]><xml> <w:WordDocument> <w:View>Normal<\/w:View> <w:Zoom>0<\/w:Zoom> <w:HyphenationZone>21<\/w:HyphenationZone> <w:PunctuationKerning \/> <w:ValidateAgainstSchemas \/> <w:SaveIfXMLInvalid>false<\/w:SaveIfXMLInvalid> <w:IgnoreMixedContent>false<\/w:IgnoreMixedContent> <w:AlwaysShowPlaceholderText>false<\/w:AlwaysShowPlaceholderText> <w:Compatibility> <w:BreakWrappedTables \/> <w:SnapToGridInCell \/> <w:WrapTextWithPunct \/> <w:UseAsianBreakRules \/> <w:DontGrowAutofit \/> <\/w:Compatibility> <w:BrowserLevel>MicrosoftInternetExplorer4<\/w:BrowserLevel> <\/w:WordDocument> <\/xml><![endif]--><!--[if gte mso 9]><xml> <w:LatentStyles DefLockedState=\"false\" LatentStyleCount=\"156\"> <\/w:LatentStyles> <\/xml><![endif]--> <!--[if gte mso 10]>\n\n\n\n<style>\n \/* Style Definitions *\/\n table.MsoNormalTable\n\t{mso-style-name:\"Normale Tabelle\";\n\tmso-tstyle-rowband-size:0;\n\tmso-tstyle-colband-size:0;\n\tmso-style-noshow:yes;\n\tmso-style-parent:\"\";\n\tmso-padding-alt:0cm 5.4pt 0cm 5.4pt;\n\tmso-para-margin:0cm;\n\tmso-para-margin-bottom:.0001pt;\n\tmso-pagination:widow-orphan;\n\tfont-size:10.0pt;\n\tfont-family:\"Times New Roman\";\n\tmso-ansi-language:#0400;\n\tmso-fareast-language:#0400;\n\tmso-bidi-language:#0400;}\n<\/style>\n\n<![endif]--><\/p>\n<p class=\"MsoNormal\"><strong>An einem Sonntag <\/strong>parkst du dein Auto neben einem Holzstapel. Ein &#8222;P&#8220;-Schild weist die Fl\u00e4che als Parkplatz aus. Au\u00dferdem gibt es ein Schild, dass hier nichts gelagert werden darf.<\/p>\n<p class=\"MsoNormal\">Ein Nissan mit Miesbacher Kennzeichen stoppt auf Stra\u00dfe. Der Fahrer kurbelt die Scheibe runter und ruft r\u00fcber: &#8222;Da derfst net stehn. Mach di davo!&#8220;<\/p>\n<p class=\"MsoNormal\">Du verweist auf das P-Schild.<\/p>\n<p class=\"MsoNormal\">Der Miesbacher steigt aus und baut sich vor dir auf. Er sagt: &#8222;Du stinkst.&#8220;<\/p>\n<p class=\"MsoNormal\">Du sagst, er soll dich in Ruhe lassen.<\/p>\n<p class=\"MsoNormal\">Der Miesbacher packt dich an der Jacke und zieht dich zu sich heran. Er sagt: &#8222;Du machst di jetzt davo, sonst passiert was.&#8220;<\/p>\n","protected":false},"excerpt":{"rendered":"<p>Du kommst im Wald vom Weg ab. Ein Miesbacher J\u00e4ger br\u00fcllt dich an: &#8222;Was mochst\u00b4n du hia? Hau ob! Des is vabotn! I zeig di o!&#8220; Du steigst mit Deinen Skiern einen tief verschneiten Hang hoch. Oben geht der Hang &hellip; <a href=\"https:\/\/bergsturz.net\/?page_id=36\">Weiterlesen <span class=\"meta-nav\">&rarr;<\/span><\/a><\/p>\n","protected":false},"author":1,"featured_media":0,"parent":9,"menu_order":0,"comment_status":"open","ping_status":"open","template":"","meta":[],"_links":{"self":[{"href":"https:\/\/bergsturz.net\/index.php?rest_route=\/wp\/v2\/pages\/36"}],"collection":[{"href":"https:\/\/bergsturz.net\/index.php?rest_route=\/wp\/v2\/pages"}],"about":[{"href":"https:\/\/bergsturz.net\/index.php?rest_route=\/wp\/v2\/types\/page"}],"author":[{"embeddable":true,"href":"https:\/\/bergsturz.net\/index.php?rest_route=\/wp\/v2\/users\/1"}],"replies":[{"embeddable":true,"href":"https:\/\/bergsturz.net\/index.php?rest_route=%2Fwp%2Fv2%2Fcomments&post=36"}],"version-history":[{"count":0,"href":"https:\/\/bergsturz.net\/index.php?rest_route=\/wp\/v2\/pages\/36\/revisions"}],"up":[{"embeddable":true,"href":"https:\/\/bergsturz.net\/index.php?rest_route=\/wp\/v2\/pages\/9"}],"wp:attachment":[{"href":"https:\/\/bergsturz.net\/index.php?rest_route=%2Fwp%2Fv2%2Fmedia&parent=36"}],"curies":[{"name":"wp","href":"https:\/\/api.w.org\/{rel}","templated":true}]}}