{"id":37,"date":"2009-02-22T00:03:09","date_gmt":"2009-02-21T22:03:09","guid":{"rendered":"http:\/\/bergsturz.net\/?page_id=37"},"modified":"2014-10-11T20:26:35","modified_gmt":"2014-10-11T18:26:35","slug":"im-regionalexpress","status":"publish","type":"page","link":"https:\/\/bergsturz.net\/?page_id=37","title":{"rendered":"Bahnsplitter I"},"content":{"rendered":"<p class=\"MsoNormal\">Im Regionalexpress M\u00fcnchen-Salzburg, Abfahrt M\u00fcnchen HBF 19.42 Uhr, Gleis 12. Der Zugbegleiter meldet sich in leierndem Bayerisch \u00fcber den Lautsprecher:<\/p>\n<p class=\"MsoNormal\">\u201eMei Dam und Herrn, mia begr\u00fc\u00dfn Sie im Regionalxpress 30027 auf da Fahrt vo Minga na Salzburg. Diesa Zuag hoit an de Bahnh\u00e4fe<\/p>\n<p class=\"MsoNormal\">Minga Ost<\/p>\n<p class=\"MsoNormal\">Grafing Bahnhof<\/p>\n<p class=\"MsoNormal\">Assling<\/p>\n<p class=\"MsoNormal\">Osterminga<\/p>\n<p class=\"MsoNormal\">Gro\u00dfkarolinafeid<\/p>\n<p class=\"MsoNormal\">Rosenham<\/p>\n<p class=\"MsoNormal\">Bad Endorf<\/p>\n<p class=\"MsoNormal\">Prian<\/p>\n<p class=\"MsoNormal\">Bernau<\/p>\n<p class=\"MsoNormal\">\u00dcbasee<\/p>\n<p class=\"MsoNormal\">Bergn,<\/p>\n<p class=\"MsoNormal\">Traunstoa<\/p>\n<p class=\"MsoNormal\">Teisndoaf<\/p>\n<p class=\"MsoNormal\">Freilassing und Soizbuag.<\/p>\n<p class=\"MsoNormal\">N\u00e4chster Hoid is Minga Ost.<\/p>\n","protected":false},"excerpt":{"rendered":"<p>Im Regionalexpress M\u00fcnchen-Salzburg, Abfahrt M\u00fcnchen HBF 19.42 Uhr, Gleis 12. Der Zugbegleiter meldet sich in leierndem Bayerisch \u00fcber den Lautsprecher: \u201eMei Dam und Herrn, mia begr\u00fc\u00dfn Sie im Regionalxpress 30027 auf da Fahrt vo Minga na Salzburg. Diesa Zuag hoit &hellip; <a href=\"https:\/\/bergsturz.net\/?page_id=37\">Weiterlesen <span class=\"meta-nav\">&rarr;<\/span><\/a><\/p>\n","protected":false},"author":1,"featured_media":0,"parent":9,"menu_order":0,"comment_status":"open","ping_status":"open","template":"","meta":[],"_links":{"self":[{"href":"https:\/\/bergsturz.net\/index.php?rest_route=\/wp\/v2\/pages\/37"}],"collection":[{"href":"https:\/\/bergsturz.net\/index.php?rest_route=\/wp\/v2\/pages"}],"about":[{"href":"https:\/\/bergsturz.net\/index.php?rest_route=\/wp\/v2\/types\/page"}],"author":[{"embeddable":true,"href":"https:\/\/bergsturz.net\/index.php?rest_route=\/wp\/v2\/users\/1"}],"replies":[{"embeddable":true,"href":"https:\/\/bergsturz.net\/index.php?rest_route=%2Fwp%2Fv2%2Fcomments&post=37"}],"version-history":[{"count":3,"href":"https:\/\/bergsturz.net\/index.php?rest_route=\/wp\/v2\/pages\/37\/revisions"}],"predecessor-version":[{"id":1528,"href":"https:\/\/bergsturz.net\/index.php?rest_route=\/wp\/v2\/pages\/37\/revisions\/1528"}],"up":[{"embeddable":true,"href":"https:\/\/bergsturz.net\/index.php?rest_route=\/wp\/v2\/pages\/9"}],"wp:attachment":[{"href":"https:\/\/bergsturz.net\/index.php?rest_route=%2Fwp%2Fv2%2Fmedia&parent=37"}],"curies":[{"name":"wp","href":"https:\/\/api.w.org\/{rel}","templated":true}]}}