{"id":65,"date":"2009-03-01T19:21:44","date_gmt":"2009-03-01T17:21:44","guid":{"rendered":"http:\/\/bergsturz.net\/?page_id=65"},"modified":"2014-09-23T20:51:13","modified_gmt":"2014-09-23T18:51:13","slug":"der-zaun","status":"publish","type":"page","link":"https:\/\/bergsturz.net\/?page_id=65","title":{"rendered":"Der Zaun"},"content":{"rendered":"<p><!--[if gte mso 9]><xml> Normal   0   21         false   false   false                             MicrosoftInternetExplorer4 <\/xml>< ![endif]--><!--[if gte mso 9]><xml> <\/xml>< ![endif]--> <!--[if gte mso 10]>\n\n\n\n<style>\n \/* Style Definitions *\/\n table.MsoNormalTable\n\t{mso-style-name:\"Normale Tabelle\";\n\tmso-tstyle-rowband-size:0;\n\tmso-tstyle-colband-size:0;\n\tmso-style-noshow:yes;\n\tmso-style-parent:\"\";\n\tmso-padding-alt:0cm 5.4pt 0cm 5.4pt;\n\tmso-para-margin:0cm;\n\tmso-para-margin-bottom:.0001pt;\n\tmso-pagination:widow-orphan;\n\tfont-size:10.0pt;\n\tfont-family:\"Times New Roman\";\n\tmso-ansi-language:#0400;\n\tmso-fareast-language:#0400;\n\tmso-bidi-language:#0400;}\n<\/style>\n\n< ![endif]--><\/p>\n<p>Andrea, der Subcapo, ist zuerst da. Um 7.30 Uhr stellt er seinen Fiat auf dem kleinen Parkplatz an der Stra\u00dfe von Crosano nach Chizzola direkt vor dem Kirchlein San Antonio ab. Zwei Kletterer, die in ihrem Auto \u00fcbernachtet haben und nun fr\u00fchst\u00fccken, beobachten, dass Andrea kurz zum Pinkeln hinter einen Busch tritt, sich dann eine Zigarette anz\u00fcndet und dann wieder in seinem Auto Platz nimmt. Die Kletterer h\u00f6ren selbst durch die geschlossenen T\u00fcren hindurch die Musik aus dem Radio des Subcapo.<\/p>\n<p>Der Capo lenkt seinen Volvo gegen 7.45 Uhr auf den kleinen Parkplatz. Er ist 50, und damit doppelt soviel wie der Sub. Er tr\u00e4gt eine dunkle Hose zu Hemd und Jacket, w\u00e4hrend der Sub zu einer blauen Arbeitsjeans einen stark gebrauchten schwarz-grauen Pullover sowie eine Schirmm\u00fctze tr\u00e4gt.<\/p>\n<p>\u201eAh, so fr\u00fch&#8220;, seufzt der Capo.<\/p>\n<p>\u201eVerdammt fr\u00fch&#8220;, entgegnet Andrea.<\/p>\n<p>\u201eUnd keinen richtigen Kaffee zum Fr\u00fchst\u00fcck. Ich habe meiner Frau schon tausend Mal gesagt: Nimm acht L\u00f6ffel auf vier Tassen. Acht! Was macht sie? Sechs L\u00f6ffel. Sechs reichen, sagt sie. Ah, woher? Schmeckt wie laue Pl\u00f6rre mit sechs. Ich hab ihr gesagt, ich lasse mich von ihr scheiden, wenn sie nicht acht L\u00f6ffel nimmt. Aber die Drohung wirkt auch nicht mehr. Scheint ihr egal zu sein. Vielleicht w\u00e4re sie sogar froh. Du siehst auch nicht gerade frisch aus.&#8220;<\/p>\n<p><!--[if gte mso 9]><xml> Normal   0   21         false   false   false                             MicrosoftInternetExplorer4 <\/xml>< ![endif]--><!--[if gte mso 9]><xml> <\/xml>< ![endif]--> <!--[if gte mso 10]>\n\n\n<style>\n \/* Style Definitions *\/\n table.MsoNormalTable\n\t{mso-style-name:\"Normale Tabelle\";\n\tmso-tstyle-rowband-size:0;\n\tmso-tstyle-colband-size:0;\n\tmso-style-noshow:yes;\n\tmso-style-parent:\"\";\n\tmso-padding-alt:0cm 5.4pt 0cm 5.4pt;\n\tmso-para-margin:0cm;\n\tmso-para-margin-bottom:.0001pt;\n\tmso-pagination:widow-orphan;\n\tfont-size:10.0pt;\n\tfont-family:\"Times New Roman\";\n\tmso-ansi-language:#0400;\n\tmso-fareast-language:#0400;\n\tmso-bidi-language:#0400;}\n<\/style>\n\n < ![endif]--><\/p>\n<p>Andrea: \u201eAch.&#8220;<\/p>\n<p>Capo: \u201eAch was?&#8220;<\/p>\n<p>Andrea: \u201eWar gestern bei Beppino. Bin erst um vier ins Bett.&#8220;<\/p>\n<p>Capo: \u201eDu bist jung.&#8220;<\/p>\n<p>Andrea: \u201eNicht jung genug, um nicht drei Flaschen Rotwein zu sp\u00fcren.&#8220;<\/p>\n<p>Capo: \u201eDrei ist ordentlich.&#8220;<\/p>\n<p>Andrea: \u201eVielleicht eine zuviel.&#8220;<\/p>\n<p>Capo: \u201eBei Beppino musst du aufpassen. Du denkst, der hat schon vier Gl\u00e4ser intus, dabei sind es erst zwei. Beppino lockt dich in eine Falle. Du liegst schon am Boden, und er steht immer noch gerade. Am n\u00e4chsten Tag lacht er sich einen, wenn du dir vor Schmerzen den Kopf h\u00e4ltst. Wann kommen die anderen?&#8220;<\/p>\n<p>Andrea: \u201eWie immer. Acht Uhr.&#8220;<\/p>\n<p>Capo: \u201eDie kommen nie um acht Uhr. Du musst sie fr\u00fcher bestellen. Halb acht, damit sie um acht hier sind. Ihr m\u00fcsst heute fertig werden.&#8220;<\/p>\n<p>Andrea: \u201eIch dachte, wir haben noch drei Tage.&#8220;<\/p>\n<p>Capo: \u201eIhr arbeitet jetzt schon eine Woche an dem Zaun. Ich brauche euch morgen auf einer anderen Baustelle.&#8220;<\/p>\n<p>Andrea: \u201eDu wei\u00dft doch, wie die Jungs sind.&#8220;<\/p>\n<p>Capo: \u201eWie, wie die Jungs sind? Ich bezahle sie. Also sollen sie auch ordentlich arbeiten. Ich kann doch verlangen, dass ihr in einer Woche fertig seid.&#8220;<\/p>\n<p>Andrea: \u201eDas ist ein komplizierter Zaun. So nah am Abgrund. Man muss vorsichtig sein.&#8220;<\/p>\n<p>Capo: \u201eMit Motti habe ich so einen Zaun fr\u00fcher in drei Tagen gebaut. Zu zweit!&#8220;<\/p>\n<p>Andrea: \u201eMotti war ein Spinner.&#8220;<\/p>\n<p>Capo \u201eDer hat f\u00fcr F\u00fcnf gearbeitet.&#8220;<\/p>\n<p>Andrea: \u201eUnd ist mit 38 gestorben.&#8220;<\/p>\n<p>Capo \u201eNicht wegen der Arbeit. Weil er seine Frau nicht mehr ertragen hat.&#8220;<\/p>\n<p>Andrea lacht: \u201eNun ja, sie war nicht die Sch\u00f6nste. Aber deswegen stirbt man nicht.&#8220;<\/p>\n<p>Capo \u201eNicht die Sch\u00f6nste? Er hatte sich die H\u00e4sslichste im ganzen Tal geangelt. Wahrscheinlich hat er deswegen soviel geschuftet. In dem Punkt war Motti wirklich d\u00e4mlich. Hat sich mit 19 die Erstbeste genommen, die keiner haben wollte.&#8220;<\/p>\n<p>Andrea: \u201eIch wei\u00df nicht.&#8220;<\/p>\n<p>Capo: \u201eAngeblich kommt es nicht auf das \u00c4u\u00dfere an. Nat\u00fcrlich kommt es das. Was n\u00fctzt es dir, wenn du ein v\u00f6llig verpickeltes Gesicht k\u00fcssen musst. Wenn du auf dieser Frau liegst und gerade dein Ding in sie reinschieben willst und nach ihrem Busen greifst, aber da ist nur ein labbriger Haufen Haut. Das bringt dich doch runter. Ich sage dir: Motti war mit der nicht zufrieden.&#8220;<\/p>\n<p>Andrea: \u201eSie war nicht h\u00e4sslich, sondern hysterisch.&#8220;<\/p>\n<p>Capo \u201eSie war h\u00e4sslich und hysterisch. Hat ihn wegen jeder Kleinigkeit niedergemacht. Wenn er abends sp\u00e4ter nach Hause kam. Wenn er das Falsche eingekauft hat. Wenn er die Zahnpastatube nicht zusammengerollt hat. Aus allem hat sie ein Problem gemacht. Er hat mir selbst erz\u00e4hlt, dass es ein Fehler war, diese Frau zu heiraten. Ich habe ihm gesagt: Trenne dich von ihr. Suche dir eine andere. Es gibt Tausende. Er sagte, das k\u00f6nne er nicht machen. Sie w\u00fcrde sich umbringen, wenn er sie verlasse.&#8220;<\/p>\n<p>Mehr? Mail an\u00a0bergsturz_64@gmx.de<\/p>\n","protected":false},"excerpt":{"rendered":"<p>Andrea, der Subcapo, ist zuerst da. Um 7.30 Uhr stellt er seinen Fiat auf dem kleinen Parkplatz an der Stra\u00dfe von Crosano nach Chizzola direkt vor dem Kirchlein San Antonio ab. Zwei Kletterer, die in ihrem Auto \u00fcbernachtet haben und &hellip; <a href=\"https:\/\/bergsturz.net\/?page_id=65\">Weiterlesen <span class=\"meta-nav\">&rarr;<\/span><\/a><\/p>\n","protected":false},"author":1,"featured_media":0,"parent":7,"menu_order":0,"comment_status":"open","ping_status":"open","template":"","meta":[],"_links":{"self":[{"href":"https:\/\/bergsturz.net\/index.php?rest_route=\/wp\/v2\/pages\/65"}],"collection":[{"href":"https:\/\/bergsturz.net\/index.php?rest_route=\/wp\/v2\/pages"}],"about":[{"href":"https:\/\/bergsturz.net\/index.php?rest_route=\/wp\/v2\/types\/page"}],"author":[{"embeddable":true,"href":"https:\/\/bergsturz.net\/index.php?rest_route=\/wp\/v2\/users\/1"}],"replies":[{"embeddable":true,"href":"https:\/\/bergsturz.net\/index.php?rest_route=%2Fwp%2Fv2%2Fcomments&post=65"}],"version-history":[{"count":1,"href":"https:\/\/bergsturz.net\/index.php?rest_route=\/wp\/v2\/pages\/65\/revisions"}],"predecessor-version":[{"id":1490,"href":"https:\/\/bergsturz.net\/index.php?rest_route=\/wp\/v2\/pages\/65\/revisions\/1490"}],"up":[{"embeddable":true,"href":"https:\/\/bergsturz.net\/index.php?rest_route=\/wp\/v2\/pages\/7"}],"wp:attachment":[{"href":"https:\/\/bergsturz.net\/index.php?rest_route=%2Fwp%2Fv2%2Fmedia&parent=65"}],"curies":[{"name":"wp","href":"https:\/\/api.w.org\/{rel}","templated":true}]}}