{"id":66,"date":"2009-03-01T19:40:41","date_gmt":"2009-03-01T17:40:41","guid":{"rendered":"http:\/\/bergsturz.net\/?page_id=66"},"modified":"2014-09-23T20:50:30","modified_gmt":"2014-09-23T18:50:30","slug":"der-eingriff","status":"publish","type":"page","link":"https:\/\/bergsturz.net\/?page_id=66","title":{"rendered":"Der Eingriff"},"content":{"rendered":"<p style=\"text-align: justify;\"><em>Ein Zahnarzt-Behandlungsraum. Seichte Musik s\u00e4uselt aus dem Lautsprecher. Der Arzt steht vor dem Fenster und blickt hinaus. Er trinkt Kaffee. Sabine tritt ein.<br \/>\n<\/em><\/p>\n<p style=\"text-align: justify;\">Sabine: Chef, Herr Stumpf.<\/p>\n<p style=\"text-align: justify;\">Stumpf tritt ein. Sabine schlie\u00dft hinter ihm die T\u00fcr. Der Arzt spr\u00fcht sich aus Rachenspray in den Mund. Dann reicht er Stumpf \u00fcberschw\u00e4nglich die Hand und weist auf den Behandlungsstuhl. Arzt: Wie sch\u00f6n, Herr<\/p>\n<p style=\"text-align: justify;\">Stampf: Heute also der dritte Akt (lacht).<\/p>\n<p style=\"text-align: justify;\">Stumpf: Stumpf.<\/p>\n<p style=\"text-align: justify;\">Arzt: Nat\u00fcrlich, entschuldigen Sie. M\u00f6chten Sie einen Kaffee, bevor wir anfangen?<\/p>\n<p style=\"text-align: justify;\">Stumpf: So kurz vor dem Eingriff?<\/p>\n<p style=\"text-align: justify;\">Arzt (<em>legt Stumpf beruhigend eine Hand auf die Schulter<\/em> ): Ich arbeite mit der neuesten Technologie, da k\u00f6nnen Sie vorher einen Schweinebraten vertilgen und eine Flasche Rotwein in sich reinsch\u00fctten. (Zur Helferin): Eine Tasse Kaffee f\u00fcr Herrn Stumpf. Und legen Sie die Neue von den \u201e\u00c4rzten\u201c auf. (zu Stumpf): Kennen Sie die schon?<\/p>\n<p style=\"text-align: justify;\">Stumpf (<em>verwirrt<\/em> ): Ich wei\u00df nicht\u2026<\/p>\n<p style=\"text-align: justify;\">Arzt: M\u00fcssen Sie sich anh\u00f6ren. M\u00fcssen Sie sich unbedingt anh\u00f6ren.<\/p>\n<p style=\"text-align: justify;\"><em>Die seichte Musik bricht ab, kurz darauf ert\u00f6nt ein Song der \u201e\u00c4rzte\u201c (welches Lied?).<br \/>\n<\/em><\/p>\n<p style=\"text-align: justify;\">Arzt: So, Herr Sumpf\u2026<\/p>\n<p style=\"text-align: justify;\">Stumpf: Stumpf.<\/p>\n<p style=\"text-align: justify;\">Arzt: Sicher. Wo waren wir letztes Mal gleich stehen geblieben?<\/p>\n<p style=\"text-align: justify;\">Stumpf: Das Goldst\u00fcck. Sie wollten das Goldst\u00fcck einsetzen.<\/p>\n<p style=\"text-align: justify;\">Arzt: Ach ja, das Goldst\u00fcck. Wir haben es schon mal in Form gebracht.<\/p>\n<p style=\"text-align: justify;\"><em>Die Helferin bringt zwei Tassen Kaffee. Der Arzt sch\u00fcttet sich reichlich Zucker in seine Tasse und gibt einen Schuss Schnaps dazu<\/em><\/p>\n<p style=\"text-align: justify;\">Arzt: (<em>zu Stumpf<\/em> ): Sie auch?\u2026<\/p>\n<p style=\"text-align: justify;\">\u00a9 <em>Bergsturz <\/em><\/p>\n<p style=\"text-align: justify;\">Mehr? Mail an\u00a0bergsturz_64@gmx.de<\/p>\n","protected":false},"excerpt":{"rendered":"<p>Ein Zahnarzt-Behandlungsraum. Seichte Musik s\u00e4uselt aus dem Lautsprecher. Der Arzt steht vor dem Fenster und blickt hinaus. Er trinkt Kaffee. Sabine tritt ein. Sabine: Chef, Herr Stumpf. Stumpf tritt ein. Sabine schlie\u00dft hinter ihm die T\u00fcr. Der Arzt spr\u00fcht sich &hellip; <a href=\"https:\/\/bergsturz.net\/?page_id=66\">Weiterlesen <span class=\"meta-nav\">&rarr;<\/span><\/a><\/p>\n","protected":false},"author":1,"featured_media":0,"parent":7,"menu_order":0,"comment_status":"open","ping_status":"open","template":"","meta":[],"_links":{"self":[{"href":"https:\/\/bergsturz.net\/index.php?rest_route=\/wp\/v2\/pages\/66"}],"collection":[{"href":"https:\/\/bergsturz.net\/index.php?rest_route=\/wp\/v2\/pages"}],"about":[{"href":"https:\/\/bergsturz.net\/index.php?rest_route=\/wp\/v2\/types\/page"}],"author":[{"embeddable":true,"href":"https:\/\/bergsturz.net\/index.php?rest_route=\/wp\/v2\/users\/1"}],"replies":[{"embeddable":true,"href":"https:\/\/bergsturz.net\/index.php?rest_route=%2Fwp%2Fv2%2Fcomments&post=66"}],"version-history":[{"count":1,"href":"https:\/\/bergsturz.net\/index.php?rest_route=\/wp\/v2\/pages\/66\/revisions"}],"predecessor-version":[{"id":1489,"href":"https:\/\/bergsturz.net\/index.php?rest_route=\/wp\/v2\/pages\/66\/revisions\/1489"}],"up":[{"embeddable":true,"href":"https:\/\/bergsturz.net\/index.php?rest_route=\/wp\/v2\/pages\/7"}],"wp:attachment":[{"href":"https:\/\/bergsturz.net\/index.php?rest_route=%2Fwp%2Fv2%2Fmedia&parent=66"}],"curies":[{"name":"wp","href":"https:\/\/api.w.org\/{rel}","templated":true}]}}