{"id":9,"date":"2009-02-21T12:20:17","date_gmt":"2009-02-21T10:20:17","guid":{"rendered":"http:\/\/bergsturz.net\/?page_id=8"},"modified":"2018-03-18T11:12:55","modified_gmt":"2018-03-18T09:12:55","slug":"aufreger","status":"publish","type":"page","link":"https:\/\/bergsturz.net\/?page_id=9","title":{"rendered":"Splitter"},"content":{"rendered":"<h2>Der Makler, der nichts wei\u00df<\/h2>\n<p>Ein Makler aus der N\u00e4he von Garmisch-Partenkirchen bewirbt eine \u201ewundersch\u00f6ne 4-Zimmer-Wohnung\u201c zum Preis von 419.000 Euro plus Tiefgarage, Baujahr 2005. Einen bema\u00dften Grundrissplan hat er nicht und kann er auch nicht besorgen. \u00dcber die Raumh\u00f6he kann er nichts sagen, ebenso wenig zur Dicke und Konstruktion der Au\u00dfenw\u00e4nde. Vor einer Innenbesichtigung fordert er zuerst zu einer Au\u00dfenbesichtigung auf, allerdings ohne bei den Bewohnern zu klingeln oder mit denen Kontakt aufzunehmen. Au\u00dferdem sei vor einer Besichtigung die Finanzierungsbescheinigung einer Bank vorzulegen. Sowieso mache er nur mit ein bis drei ausgew\u00e4hlten Kandidaten Besichtigungen, die seine Objekte dann in der Regel auch kaufen.<\/p>\n<p>Wundert man sich bei derart viel Dilettantismus verbunden mit maximalem Gewinnstreben bei m\u00f6glichst wenig Arbeitsaufwand (immerhin wird dieser mutige Mann rund 15.000 Euro f\u00fcr seine qualifizierte T\u00e4tigkeit kassieren) noch \u00fcber den miserablen Ruf dieses Berufsstandes?<\/p>\n<h2>R\u00fcckkopplung im Regionalzug<\/h2>\n<p>Montag im Regionalzug: Der Zugbegleiter setzt zu einer Durchsage an: &#8222;Meine Damen und Herren, in K\u00fcrze&#8230;&#8220; Der Lautsprecher quietscht in der R\u00fcckkopplungsschleife, der Zugbegleiter bricht seine Durchsage ab.<\/p>\n<p>Dienstag im Regionalzug: Der Zugbegleiter setzt erneut zu einer Durchsage an: &#8222;Meine Damen und Herren, in K\u00fcrze&#8230;&#8220; Der Lautsprecher quietscht, der Zugbegleiter bricht ab.<\/p>\n<p>Mittwoch\u00a0im Regionalzug: Wieder setzt der Zugbegleiter zu einer Durchsage an: &#8222;Meine Damen und Herren, in K\u00fcrze&#8230;&#8220; Der Lautsprecher quietscht, die Durchsage bricht ab. Der Zugbegleiter kauert kniend und nach vorne gebeugt am Boden, die an einem langen Kabel h\u00e4ngende Sprechmuschel mit der Hand abschirmend, dann jagt er seine Worte hinaus, bevor die R\u00fcckkopplung ihn erneut mundtot macht: &#8222;&#8230;dasTeamvonRegioOberbayernm\u00f6chtesichvonihnenverabschiedenundw\u00fcnschtihnennocheinensch\u00f6nenTag!&#8220;<\/p>\n<p>Flugzeuge landen vollautomatisch, Mobiltelefone klinken sich unterwegs ins Internet, \u00c4rzte legen Byp\u00e4sse &#8211; und die Bahn k\u00e4mpft mit der R\u00fcckkopplung.<\/p>\n<p>&nbsp;<\/p>\n<hr noshade=\"noshade\" size=\"2\" \/>\n<h2>Brief an die Justizministerin<\/h2>\n<p>Sehr geehrte Justizministerin,<\/p>\n<p>sind V\u00e4ter in unserer Gesellschaft unerw\u00fcnscht? Dieser Eindruck dr\u00e4ngt sich mir auf, wenn ich die selbst erlebte Rechtssprechung an bayerischen Gerichten der vergangenen Jahre betrachte: <a href=\"http:\/\/bergsturz.net\/?page_id=216&amp;preview=true\">Mehr<\/a><\/p>\n<hr style=\"text-align: justify;\" noshade=\"noshade\" size=\"2\" \/>\n<h2>Weg mit dem Mann<\/h2>\n<p>Sie sind eine entt\u00e4uschte Ehefrau? Sie wollen Ihren Mann loswerden? Kein Problem. Beschuldigen Sie ihn des sexuellen Missbrauchs an ihren Kindern und der Gewaltanwendung. Sie m\u00fcssen nichts beweisen, die Gerichte sind auf Ihrer Seite. Ein solcher Verdacht wirkt wie eine Bombe. Sie kriegen das alleinige Sorgerecht, au\u00dferdem muss der Ex zahlen, dass er nicht mehr wird.<\/p>\n<hr style=\"text-align: justify;\" noshade=\"noshade\" size=\"2\" \/>\n<h2>Tour de Dope ist gestartet<\/h2>\n<p>Fr\u00fcher hie\u00df sie Tour de France. Heute ist sie die Tour de Dope. Lohnt sich nicht mehr, hinzuschauen. Das sind fahrende Chemielabore. Alles ist m\u00f6glich. Wenn selbst Pferde schon dopen&#8230;<\/p>\n<hr style=\"text-align: justify;\" noshade=\"noshade\" size=\"2\" \/>\n<h2>POK Hollenberg liegt daneben<\/h2>\n<p>Herr Hollenberg ist Polizist. In einem Ermittlungsbericht schreibt er, dass Herr K. &#8222;exhibtionistsiche Handlungen&#8220; begangen hat. Bei einer Gerichtsverhandlung am Amtsgericht fragt Herr K. POK Hollenberg, ob dieser seine Behauptung beweisen kann. POK Hollenberg kann es nicht.<\/p>\n<hr style=\"text-align: justify;\" noshade=\"noshade\" size=\"2\" \/>\n<h2>Der Anlageberater<\/h2>\n<p class=\"MsoNormal\">Herr Klein ist Anlageberater. Im Jahr 2000 hat er einen Filmfonds empfohlen. Er hat sch\u00f6ne Charts dazugelegt, in denen ansteigende Kurven \u00fcber die Aussch\u00fcttungen zu sehen waren. Seine Kunden haben 30.000 Mark und mehr in den Fonds investiert.<\/p>\n<p class=\"MsoNormal\">Im April 2009 wird angek\u00fcndigt, dass der Fonds liquidiert werden soll. Aufl\u00f6sung. Die &#8222;Zeichner&#8220; k\u00f6nnten mit f\u00fcnf Prozent R\u00fcckzahlung rechnen. 1500 Mark statt 30.000 Mark. Herr Klein sieht sich au\u00dferstande, in der Sache t\u00e4tig zu werden.<\/p>\n<hr style=\"text-align: justify;\" noshade=\"noshade\" size=\"2\" \/>\n<h2>Der Papst &#8211; Beihilfe zum Massensterben?<\/h2>\n<p class=\"MsoNormal\">Der Papst, ein ehemaliger bayerischer Provinzkatholik, macht in Angola mal wieder gegen Kondome mobil. Man k\u00f6nnte sagen: Der Papst macht sich der Beihilfe am massenfachen Sterben schuldig.<\/p>\n<hr style=\"text-align: justify;\" noshade=\"noshade\" size=\"2\" \/>\n<h2>Speedfitness kontrolliert Sportler<\/h2>\n<p class=\"MsoNormal\">Der Sportstudiobetreiber Slowfitness ist schweren Vergehen auf der Spur. Wer seine eigene Flasche in den Fitnessbereich mitbringt, dem droht der Rauswurf. Wer sein Handtuch nicht zwischen sich und Sportger\u00e4t legt, dem droht ebenfalls der Rauswurf. Die Mitarbeiter kontrollieren akribisch, der Chef neigt dazu, seine G\u00e4ste als &#8222;Du Arsch&#8220; zu bezeichnen. Eine besondere Art der Kundenbindung.<\/p>\n<hr style=\"text-align: justify;\" noshade=\"noshade\" size=\"2\" \/>\n<h2>Fall Althaus: 5000 Euro f\u00fcr eine Tote?<\/h2>\n<p>Die \u00f6sterreichische Rechtssprechung im Fall des Th\u00fcringischen Ministerpr\u00e4sidenten Dieter Althaus ist erstaunlich. Der \u00f6sterreichische Staat kassiert 33.000 Euro, f\u00fcr die Familie der get\u00f6teten Skifahrerin gibt es aber nur 5.000 Euro. Welche Logik steckt dahinter?\u00a0Erstaunlich auch die Art des Schnellverfahrens, da doch\u00a0die \u00f6sterreichische Justiz in den vergangenen Wochen den Eindruck erweckte,\u00a0als\u00a0k\u00e4me es gar nicht zu einem Verfahren.\u00a0Das ist Lex Austria!<\/p>\n<hr style=\"text-align: justify;\" noshade=\"noshade\" size=\"2\" \/>\n<h2>Die Fehldiagnose der Therapeutin<\/h2>\n<p>Frau Dittrich ist Kindertherapeutin. Sie will festgestellt haben, dass ein Kind von ihrem Vater sexuell missbraucht worden ist. Eine Gutachterin untersucht den Fall. Sie stellt fest, dass Frau Dittrich massive Fehler gemacht hat. So sei der Therapeutin entgangen, dass das Kind w\u00e4hrend der Therapie wochenlang im Krankenhaus war. Gespielte Krankenhausszenen des Kindes interpretierte Frau Dittrich als Missbrauchssignale. Die Gutachterin vergleicht Frau Dittrichs Arbeitsweise mit einem &#8222;\u00e4rztlichen Kunstfehler&#8220;.<\/p>\n<hr style=\"text-align: justify;\" noshade=\"noshade\" size=\"2\" \/>\n<h2>Wer wirklich wichtig ist<\/h2>\n<p>M\u00fcnchen im Winter. Die Gehwege sind vereist. Omas fallen hin und brechen sich die Knochen. Die Stra\u00dfen dagegen sind frei von Schnee und Eis.<\/p>\n<p>Die Stadt zeigt, wer wirklich wichtig ist.<\/p>\n<hr style=\"text-align: justify;\" noshade=\"noshade\" size=\"2\" \/>\n<h2>Miesbach<\/h2>\n<p><strong>Du kommst im Wald vom Weg ab<\/strong> . Ein Miesbacher J\u00e4ger br\u00fcllt dich an: &#8222;Was mochst\u00b4n du hia? Hau ob! Des is vabotn! I zeig di o!&#8220; <a title=\"Miesbach\" href=\"http:\/\/bergsturz.net\/?page_id=36\">Mehr<\/a><\/p>\n<hr style=\"text-align: justify;\" noshade=\"noshade\" size=\"2\" \/>\n<h2>Bahnsplitter I<\/h2>\n<p class=\"MsoNormal\">Im Regionalexpress M\u00fcnchen-Salzburg, Abfahrt M\u00fcnchen HBF 19.42 Uhr, Gleis 12. Der Zugbegleiter meldet sich in leierndem bayerisch \u00fcber den Lautsprecher: \u201eMei Damn und Herrn, mia begr\u00fc\u00dfn Sie <a title=\"Im Regionalexpress\" href=\"http:\/\/bergsturz.net\/?page_id=37\">mehr<\/a><\/p>\n<hr style=\"text-align: justify;\" noshade=\"noshade\" size=\"2\" \/>\n<h2>Bahnsplitter II<\/h2>\n<p class=\"MsoNormal\">&#8222;Sehr geehrte Fahrg\u00e4ste,\u00a0ich habe noch eine Hiobsbotschaft\u00a0 f\u00fcr sie: <a title=\"Bahnsplitter II\" href=\"http:\/\/bergsturz.net\/?page_id=58\">Mehr <\/a><\/p>\n<hr style=\"text-align: justify;\" noshade=\"noshade\" size=\"2\" \/>\n<h2>Schilderdeutsch<\/h2>\n<p>Achtung! Ortografieh. <a title=\"Schilderdeutsch\" href=\"http:\/\/bergsturz.net\/?page_id=62\">Mehr<\/a><\/p>\n<hr style=\"text-align: justify;\" noshade=\"noshade\" size=\"2\" \/>\n<h2>Bush &#8211; ein Fall f\u00fcr Den Haag?<\/h2>\n<p>George W. Bush hat seinen Krieg gegen den Irak mit falschen Argumenten begonnen. Tausende starben. Ist er ein Kriegsverbrecher?<\/p>\n","protected":false},"excerpt":{"rendered":"<p>Der Makler, der nichts wei\u00df Ein Makler aus der N\u00e4he von Garmisch-Partenkirchen bewirbt eine \u201ewundersch\u00f6ne 4-Zimmer-Wohnung\u201c zum Preis von 419.000 Euro plus Tiefgarage, Baujahr 2005. Einen bema\u00dften Grundrissplan hat er nicht und kann er auch nicht besorgen. \u00dcber die Raumh\u00f6he &hellip; <a href=\"https:\/\/bergsturz.net\/?page_id=9\">Weiterlesen <span class=\"meta-nav\">&rarr;<\/span><\/a><\/p>\n","protected":false},"author":1,"featured_media":0,"parent":0,"menu_order":1,"comment_status":"open","ping_status":"open","template":"","meta":[],"_links":{"self":[{"href":"https:\/\/bergsturz.net\/index.php?rest_route=\/wp\/v2\/pages\/9"}],"collection":[{"href":"https:\/\/bergsturz.net\/index.php?rest_route=\/wp\/v2\/pages"}],"about":[{"href":"https:\/\/bergsturz.net\/index.php?rest_route=\/wp\/v2\/types\/page"}],"author":[{"embeddable":true,"href":"https:\/\/bergsturz.net\/index.php?rest_route=\/wp\/v2\/users\/1"}],"replies":[{"embeddable":true,"href":"https:\/\/bergsturz.net\/index.php?rest_route=%2Fwp%2Fv2%2Fcomments&post=9"}],"version-history":[{"count":7,"href":"https:\/\/bergsturz.net\/index.php?rest_route=\/wp\/v2\/pages\/9\/revisions"}],"predecessor-version":[{"id":1730,"href":"https:\/\/bergsturz.net\/index.php?rest_route=\/wp\/v2\/pages\/9\/revisions\/1730"}],"wp:attachment":[{"href":"https:\/\/bergsturz.net\/index.php?rest_route=%2Fwp%2Fv2%2Fmedia&parent=9"}],"curies":[{"name":"wp","href":"https:\/\/api.w.org\/{rel}","templated":true}]}}