{"id":93,"date":"2009-04-04T21:30:48","date_gmt":"2009-04-04T19:30:48","guid":{"rendered":"http:\/\/bergsturz.net\/?page_id=93"},"modified":"2009-04-04T21:30:48","modified_gmt":"2009-04-04T19:30:48","slug":"warum-schaufelt-ihr-nicht","status":"publish","type":"page","link":"https:\/\/bergsturz.net\/?page_id=93","title":{"rendered":"Warum schaufelt Ihr nicht?"},"content":{"rendered":"<p>Winter. Schnee. Schneematsch. Zerm\u00fcrbend, diese Wochen. Dauert ewig, dieser verdammte Januar. Und dann noch der Februar. Wahrscheinlich immer noch Schneematsch. Dreckig, nass, ekelhaft, schmiegt sich an die Bordsteinkanten, \u00fcberdeckt zentimeterhoch die Gehwege. Man kann gar nicht anders als in diese Masse reinlatschen. Selbst im M\u00e4rz ist man vor dem Zeug nicht sicher.<\/p>\n<p>Warum eigentlich schaufeln die Leute ihre B\u00fcrgersteige nicht frei? Daf\u00fcr gibt\u00b4s doch ein Gesetz. Ein Spie\u00dfergesetz. Wie lautet das gleich? Werktags m\u00fcssen bis sp\u00e4testens acht Uhr die Gehwege vom Schneematsch befreit sein. Oder sechs Uhr?<\/p>\n<p>Leute, ihr seid heute mal wieder viel zu sp\u00e4t dran. Wenn ich jetzt hier auf die Klappe fliege, werde ich euch verklagen. Das k\u00f6nnte teuer werden. Ideal w\u00e4re, wenn ich die Klage bei einem amerikanischen Gericht durchkriege. Das gibt mehr Geld. Millionen. Und das nur, weil ich mir auf Eurem B\u00fcrgersteiganteil die Knochen gebrochen habe.<\/p>\n<p>Zu dumm, dass ich kein Amerikaner bin. Vielleicht sind die Anwohner Amerikaner. Ich werde mich mal informieren, wo hier Amis wohnen. Auf deren B\u00fcrgersteig werde ich ausrutschen.<\/p>\n<p>Copyright: Bergsturz<\/p>\n","protected":false},"excerpt":{"rendered":"<p>Winter. Schnee. Schneematsch. Zerm\u00fcrbend, diese Wochen. Dauert ewig, dieser verdammte Januar. Und dann noch der Februar. Wahrscheinlich immer noch Schneematsch. Dreckig, nass, ekelhaft, schmiegt sich an die Bordsteinkanten, \u00fcberdeckt zentimeterhoch die Gehwege. Man kann gar nicht anders als in diese &hellip; <a href=\"https:\/\/bergsturz.net\/?page_id=93\">Weiterlesen <span class=\"meta-nav\">&rarr;<\/span><\/a><\/p>\n","protected":false},"author":1,"featured_media":0,"parent":34,"menu_order":0,"comment_status":"open","ping_status":"open","template":"","meta":[],"_links":{"self":[{"href":"https:\/\/bergsturz.net\/index.php?rest_route=\/wp\/v2\/pages\/93"}],"collection":[{"href":"https:\/\/bergsturz.net\/index.php?rest_route=\/wp\/v2\/pages"}],"about":[{"href":"https:\/\/bergsturz.net\/index.php?rest_route=\/wp\/v2\/types\/page"}],"author":[{"embeddable":true,"href":"https:\/\/bergsturz.net\/index.php?rest_route=\/wp\/v2\/users\/1"}],"replies":[{"embeddable":true,"href":"https:\/\/bergsturz.net\/index.php?rest_route=%2Fwp%2Fv2%2Fcomments&post=93"}],"version-history":[{"count":0,"href":"https:\/\/bergsturz.net\/index.php?rest_route=\/wp\/v2\/pages\/93\/revisions"}],"up":[{"embeddable":true,"href":"https:\/\/bergsturz.net\/index.php?rest_route=\/wp\/v2\/pages\/34"}],"wp:attachment":[{"href":"https:\/\/bergsturz.net\/index.php?rest_route=%2Fwp%2Fv2%2Fmedia&parent=93"}],"curies":[{"name":"wp","href":"https:\/\/api.w.org\/{rel}","templated":true}]}}