{"id":94,"date":"2009-04-04T22:09:46","date_gmt":"2009-04-04T20:09:46","guid":{"rendered":"http:\/\/bergsturz.net\/?page_id=94"},"modified":"2009-04-04T22:09:46","modified_gmt":"2009-04-04T20:09:46","slug":"dieselben-langweiligen-gesichter","status":"publish","type":"page","link":"https:\/\/bergsturz.net\/?page_id=94","title":{"rendered":"Dieselben langweiligen Gesichter"},"content":{"rendered":"<p><strong>8.48 Uhr.<\/strong> Wieder mal sp\u00e4t dran. Noch sieben Minuten, bis die S-Bahn abf\u00e4hrt. Warum kann ich nicht zwei Minuten fr\u00fcher aus dem Haus? Immer diese Hetze morgens. Ich hasse das.<\/p>\n<p>Die Stra\u00dfe runter und dann links. Ach, da ist sie ja wieder, die Kleine aus der Seitenstrasse. Kommt mir jeden Tag in die Quere. M\u00e4dchen mit dem krummen R\u00fccken. Mach mal Haltungsgymnastik. Und L\u00e4cheln. L\u00e4cheln! Musst jeden Morgen Dein langweiliges Gesicht ertragen. \u00d6dest auch mich damit an. Und kannst Du nicht mal was anderes anziehen? Jeden Morgen das gleiche: Bundfaltenhose, Bluse, gr\u00fcne Jacke. Mein Gott, M\u00e4dchen, wie siehst Du aus!<\/p>\n<p><strong>Bist Du Ausl\u00e4nderin?<\/strong> Hast was Slawisches an Dir. Man sieht\u00b4s Euch an, woher Ihr kommt. Wohnst wahrscheinlich in einem dieser netten Einfamilienh\u00e4user da dr\u00fcben, f\u00fcr eineinhalb Millionen oder so. Oben auf dem Hang, 350 Quadratmeter Garten und zwei Kinder. Kinder sind heutzutage ja fast schon so ne Art Statussymbol. Beruf, Kinder, dicker Gel\u00e4ndewagen, Marke Porsche Cayenne, Zweithaus auf La Palma. Selbst solche Balkanschlampen wie Du kriegen das hin. Hast wohl nett eingeheiratet, h\u00e4?<\/p>\n<p>Als Single von hier sieht man dagegen ganz sch\u00f6n alt aus. Jeden Morgen diese Hetze zum Job. Und trotzdem kommt man auf keinen gr\u00fcnen Zweig.<\/p>\n<p><strong>Keine Ahnung<\/strong> , was ein Mann an Dir findet. Patsch, direkt in Schneematsch rein. Schade um Deine firsch geputzten Sch\u00fchchen. Tja, ein bi\u00dfchen Sport k\u00f6nnte nicht schaden, da w\u00e4rste beweglicher. Ist Natur, das wei\u00dfe Zeug, Puppe. Biste nicht gewohnt, was?<\/p>\n<p>Was machst Du eigentlich so den ganzen Tag? Arbeitest wohl bei Karstadt in der Parf\u00fcm-Abteilung. Verkaufst diese stinkenden Gew\u00e4sser zu 70 Euro das Fl\u00e4schchen. Materialwert 50 Cent. Ununterbrochener Gasangriffe auf das Riechorgan. Deine PVC-Jacke sieht mindestens so chemisch aus wie die Gestanksstoffe, die Du unter die Frauenwelt bringst.<\/p>\n<p><strong>Da ist ja wieder<\/strong> die gackernde Frauentruppe. Trifft sich jeden Morgen am Bahnsteig. 55j\u00e4hrige, leicht verknittert, Kinder aus dem Haus, und nun die gro\u00dfe Sause machen, was. Noch ne kleine Besch\u00e4ftigung in der Buchhaltung, 400-Euro-Basis, damit man nicht so unn\u00fctz Zuhause rumsitzt, aber ansonsten vor allem Spa\u00df haben. Wie schafft Ihr das eigentlich, schon um kurz vor Neun so gut aufgelegt zu sein? Aha, heute abend zum Griechen, vorher Damengymnastik, morgen Kegeln, am Wochenende zum Bummeln nach Salzburg. Das Standardprogramm f\u00fcr die durchschnittliche Mittelstandsfrau.<\/p>\n<p>Der Stadtexpress nach M\u00fcnchen f\u00e4hrt ein. Klar, jeder will beim Einstegen der Erste sein. Wollt alle nen Sitzplatz ergattern, kennen wir schon, lauft mal sch\u00f6n, ihr Idioten, dr\u00e4ngelt Euch rein in die Waggons, hetzt euch ab, knallt eure Taschen auf die wenigen freien Pl\u00e4tze. Schei\u00df Spiel jeden Morgen.<\/p>\n<p><strong>\u201eGuten Tag, ist hier noch frei?&quot;<\/strong> Tja, da musste wohl deine Tasche wegnehmen. Ist n\u00e4mlich ein Sitzplatz und kein Taschenplatz. Brauchst gar nicht so grimmig gucken, ich bin im Recht. Sag doch was, dann kriegste schon ne Antwort von mir. \u201eMeine Dame, falls sie es nicht wissen, dieser Platz ist zum Sitzen da&quot;. Oder so \u00e4hnlich.<\/p>\n<p>Tja, wenn Du an mir vorbei willst, musst Du deine Beine schon ein bisschen bewegen. Kann mich auch nicht kleiner machen als ich bin. Da ist sie wieder, die Vorstadtpuppe, sieht auch jeden Tag gleich aus. Mit der w\u00fcrde ich gerne mal. Aber auch nicht mehr. Am Ende haben sie alle Schiss, die M\u00e4dels. Wann war denn das, als ich hinter der h\u00fcbschen Kleinen abends hergegangen bin, zur\u00fcck vom Bahnhof? Hat sich alle drei Meter umgeguckt. Konnte ich doch nichts daf\u00fcr, dass ich denselben Weg wie sie hatte.<\/p>\n","protected":false},"excerpt":{"rendered":"<p>8.48 Uhr. Wieder mal sp\u00e4t dran. Noch sieben Minuten, bis die S-Bahn abf\u00e4hrt. Warum kann ich nicht zwei Minuten fr\u00fcher aus dem Haus? Immer diese Hetze morgens. Ich hasse das. Die Stra\u00dfe runter und dann links. Ach, da ist sie &hellip; <a href=\"https:\/\/bergsturz.net\/?page_id=94\">Weiterlesen <span class=\"meta-nav\">&rarr;<\/span><\/a><\/p>\n","protected":false},"author":1,"featured_media":0,"parent":34,"menu_order":0,"comment_status":"open","ping_status":"open","template":"","meta":[],"_links":{"self":[{"href":"https:\/\/bergsturz.net\/index.php?rest_route=\/wp\/v2\/pages\/94"}],"collection":[{"href":"https:\/\/bergsturz.net\/index.php?rest_route=\/wp\/v2\/pages"}],"about":[{"href":"https:\/\/bergsturz.net\/index.php?rest_route=\/wp\/v2\/types\/page"}],"author":[{"embeddable":true,"href":"https:\/\/bergsturz.net\/index.php?rest_route=\/wp\/v2\/users\/1"}],"replies":[{"embeddable":true,"href":"https:\/\/bergsturz.net\/index.php?rest_route=%2Fwp%2Fv2%2Fcomments&post=94"}],"version-history":[{"count":0,"href":"https:\/\/bergsturz.net\/index.php?rest_route=\/wp\/v2\/pages\/94\/revisions"}],"up":[{"embeddable":true,"href":"https:\/\/bergsturz.net\/index.php?rest_route=\/wp\/v2\/pages\/34"}],"wp:attachment":[{"href":"https:\/\/bergsturz.net\/index.php?rest_route=%2Fwp%2Fv2%2Fmedia&parent=94"}],"curies":[{"name":"wp","href":"https:\/\/api.w.org\/{rel}","templated":true}]}}