{"id":95,"date":"2009-04-10T12:13:15","date_gmt":"2009-04-10T10:13:15","guid":{"rendered":"http:\/\/bergsturz.net\/?page_id=95"},"modified":"2009-04-10T12:13:15","modified_gmt":"2009-04-10T10:13:15","slug":"nachmittags-in-der-kneipe","status":"publish","type":"page","link":"https:\/\/bergsturz.net\/?page_id=95","title":{"rendered":"Nachmittags in der Kneipe"},"content":{"rendered":"<p>Montag nachmittag, 16.30 Uhr. Betrunkene M\u00e4nner am Tresen des \u201eHaidhauser&#8220;. Wieso sind die um diese Zeit schon hier? Habt Ihr Probleme zuhause? Seid wahrscheinlich jeden Tag hier, trinkt Euer Wei\u00dfbier, ein oder zwei, raucht ne halbe Schachtel Marlboro und stiert \u00fcber den Tresen ins Leere.<\/p>\n<p>Hockt aufgereiht wie die Gockel am Tresen. Die gro\u00dfe Freiheit nach Dienstschluss, was? Macht Spa\u00df das Leben, oder? Zuhause ne faltige, fette Frau in den 50ern und zwei halbstarke G\u00f6ren, die Euch auf der Nase rumtanzen.<\/p>\n<p>Aus dem Lautsprecher Radio Arabella. Der Moderator ist wie immer gut drauf. Thema heute: Warum gibt es nur noch braune Ostereier. Dazu das Neueste vom Wetter und Verkehr. Danach Christ Roberts und Abba. Das Leben ist heute mal wieder klasse.<\/p>\n<p>\u00a9 Bergsturz<\/p>\n","protected":false},"excerpt":{"rendered":"<p>Montag nachmittag, 16.30 Uhr. Betrunkene M\u00e4nner am Tresen des \u201eHaidhauser&#8220;. Wieso sind die um diese Zeit schon hier? Habt Ihr Probleme zuhause? Seid wahrscheinlich jeden Tag hier, trinkt Euer Wei\u00dfbier, ein oder zwei, raucht ne halbe Schachtel Marlboro und stiert &hellip; <a href=\"https:\/\/bergsturz.net\/?page_id=95\">Weiterlesen <span class=\"meta-nav\">&rarr;<\/span><\/a><\/p>\n","protected":false},"author":1,"featured_media":0,"parent":34,"menu_order":0,"comment_status":"open","ping_status":"open","template":"","meta":[],"_links":{"self":[{"href":"https:\/\/bergsturz.net\/index.php?rest_route=\/wp\/v2\/pages\/95"}],"collection":[{"href":"https:\/\/bergsturz.net\/index.php?rest_route=\/wp\/v2\/pages"}],"about":[{"href":"https:\/\/bergsturz.net\/index.php?rest_route=\/wp\/v2\/types\/page"}],"author":[{"embeddable":true,"href":"https:\/\/bergsturz.net\/index.php?rest_route=\/wp\/v2\/users\/1"}],"replies":[{"embeddable":true,"href":"https:\/\/bergsturz.net\/index.php?rest_route=%2Fwp%2Fv2%2Fcomments&post=95"}],"version-history":[{"count":0,"href":"https:\/\/bergsturz.net\/index.php?rest_route=\/wp\/v2\/pages\/95\/revisions"}],"up":[{"embeddable":true,"href":"https:\/\/bergsturz.net\/index.php?rest_route=\/wp\/v2\/pages\/34"}],"wp:attachment":[{"href":"https:\/\/bergsturz.net\/index.php?rest_route=%2Fwp%2Fv2%2Fmedia&parent=95"}],"curies":[{"name":"wp","href":"https:\/\/api.w.org\/{rel}","templated":true}]}}